{"id":51,"date":"2014-02-26T20:44:33","date_gmt":"2014-02-26T18:44:33","guid":{"rendered":"https:\/\/anblick-fotografie.com\/?page_id=51"},"modified":"2015-08-20T22:09:35","modified_gmt":"2015-08-20T20:09:35","slug":"nancy-fischer","status":"publish","type":"page","link":"https:\/\/anblick-fotografie.com\/?page_id=51","title":{"rendered":"Nancy Fischer"},"content":{"rendered":"<div><a href=\"https:\/\/anblick-fotografie.com\/wp-content\/uploads\/20140228_A007_Nancy_Fischer.jpg\"><img loading=\"lazy\" decoding=\"async\" class=\"alignright wp-image-205 size-full\" style=\"margin-top: 10px;\" src=\"https:\/\/anblick-fotografie.com\/wp-content\/uploads\/20140228_A007_Nancy_Fischer.jpg\" alt=\"\" width=\"400\" height=\"600\" srcset=\"https:\/\/anblick-fotografie.com\/wp-content\/uploads\/20140228_A007_Nancy_Fischer.jpg 400w, https:\/\/anblick-fotografie.com\/wp-content\/uploads\/20140228_A007_Nancy_Fischer-200x300.jpg 200w, https:\/\/anblick-fotografie.com\/wp-content\/uploads\/20140228_A007_Nancy_Fischer-320x480.jpg 320w\" sizes=\"auto, (max-width: 400px) 100vw, 400px\" \/><\/a><\/div>\n<p>&#8222;In ihren Fotos bemerkt man nicht selten ihre berufliche Herkunft vom Theater. Nancy Fischer inszeniert ihre Fotos zu Szenen in Hinterzimmern, auf D\u00e4chern&#8230;an Orten, die man nicht im Alltag aufsucht. In diesen nicht allt\u00e4glichen Umgebungen lichtet sie ihre Modelle ab, die in ihrem \u00c4u\u00dferen wie aus der Zeit gefallen zu scheinen. Ihre mal bizarr wirkenden, mal \u00fcberbetont gekleidet und geschminkten Modelle sind fokussiert in Paarkonstellation oder auch einzeln zu sehen und unterst\u00fctzen den Eindruck eines sorgsam vorbereiteten Zusammenwirkens von Umgebung, Modell(en) und dem Betrachter. Es gibt keine Massenszenen, keine Szenen in schmutziger Umgebung..aber auch keine frohe Farbigkeit. Ihre Fotos beherrschen eher weiche Konturen und Foto-Prim\u00e4rfarben, fast wirken sie manchmal wie fr\u00fche Nachcolorierungen in Gr\u00fcn-, Altrot-,Rosa- und Graut\u00f6nen. All diese Kontrastierungen zum Alltag lassen den Betrachter sehr viel besser das wahrnehmen, was scheinbar zeitlos ist und ohne diese Inszenierung kaum wahrgenommen w\u00fcrde. Es sind existenzielle Regungen und Bed\u00fcrfnisse des Menschen und dabei zielt Nancy Fischer nicht prim\u00e4r auf die uns angenehmen Seiten. Innere Immigration, exzessive Eifersucht, Macht- und Besitzanspruch auf andere Menschen \u2013 hinter der Maske der Paarbeziehung, Selbst\u00fcberh\u00f6hung, Ausweglosigkeit zu Handlungsalternativen&#8230;und die Sprachlosigkeit dazwischen.. Die Kamera fokussiert nicht nur die Modelle sondern sucht die Sichtbarmachung der Regungen, Motive des \u201ejetzt So Seins\u201c. In diesem Abseits des uns vertrauten Alltages gelingt es Nancy Fischer das \u201eAbseits\u201c menschlicher Regungen sichtbar zu machen&#8230;.den Anteil, den wir selten in der \u00d6ffentlichkeit zulassen, doch den wir kennen. Die hohe Sensibilit\u00e4t, die Intensit\u00e4t der Sprachlosigkeit, die Verzweiflung und Ausweglosigkeit zu Handlungsalternativen, die aus einigen ihrer Szenen zu uns Betrachtern dringen bieten ihrerseits einen Dialog an.<\/p>\n<p>Nancy Fischer sp\u00fcrte schon in fr\u00fchester Jugend die Anziehung der Theaterb\u00fchne auf sich wirken. Noch w\u00e4hrend der Schulzeit wurde sie als begabte junge Frau in der Vorbereitung auf ein Schauspielstudium gef\u00f6rdert. Als ungew\u00f6hnlich junge Bewerberin wurde sie mit 19 Jahren an der Hochschule f\u00fcr Musik und Theater in Leipzig aufgenommen. Nach dem deutschen Diplom (Higher Degree of art ) in Schauspielkunst war sie an verschiedenen B\u00fchnen in Deutschland und \u00d6sterreich engagiert. Mehrmals vertraute man ihr schon in jungen Jahren auch bedeutende Hauptrollen an.<\/p>\n<p>Seit mehreren Jahren sucht Nancy Fischer die \u201eSichtbarmachung des Unsichtbaren\u201c in und zwischen Menschen in der Fotografie.&#8220;<\/p>\n<p>Ingo B\u00fcrger, Kalligraph und Autor<\/p>\n<p>(Bild: Bernd Hentschel)<\/p>\n","protected":false},"excerpt":{"rendered":"<p>&#8222;In ihren Fotos bemerkt man nicht selten ihre berufliche Herkunft vom Theater. Nancy Fischer inszeniert ihre Fotos zu Szenen in Hinterzimmern, auf D\u00e4chern&#8230;an Orten, die man nicht im Alltag aufsucht. In diesen nicht allt\u00e4glichen Umgebungen lichtet sie ihre Modelle ab, die in ihrem \u00c4u\u00dferen wie aus der Zeit gefallen zu scheinen. Ihre mal bizarr wirkenden, [&hellip;]<\/p>\n","protected":false},"author":2,"featured_media":0,"parent":0,"menu_order":0,"comment_status":"open","ping_status":"open","template":"","meta":{"_monsterinsights_skip_tracking":false,"_monsterinsights_sitenote_active":false,"_monsterinsights_sitenote_note":"","_monsterinsights_sitenote_category":0,"footnotes":""},"class_list":["post-51","page","type-page","status-publish","hentry"],"_links":{"self":[{"href":"https:\/\/anblick-fotografie.com\/index.php?rest_route=\/wp\/v2\/pages\/51","targetHints":{"allow":["GET"]}}],"collection":[{"href":"https:\/\/anblick-fotografie.com\/index.php?rest_route=\/wp\/v2\/pages"}],"about":[{"href":"https:\/\/anblick-fotografie.com\/index.php?rest_route=\/wp\/v2\/types\/page"}],"author":[{"embeddable":true,"href":"https:\/\/anblick-fotografie.com\/index.php?rest_route=\/wp\/v2\/users\/2"}],"replies":[{"embeddable":true,"href":"https:\/\/anblick-fotografie.com\/index.php?rest_route=%2Fwp%2Fv2%2Fcomments&post=51"}],"version-history":[{"count":24,"href":"https:\/\/anblick-fotografie.com\/index.php?rest_route=\/wp\/v2\/pages\/51\/revisions"}],"predecessor-version":[{"id":293,"href":"https:\/\/anblick-fotografie.com\/index.php?rest_route=\/wp\/v2\/pages\/51\/revisions\/293"}],"wp:attachment":[{"href":"https:\/\/anblick-fotografie.com\/index.php?rest_route=%2Fwp%2Fv2%2Fmedia&parent=51"}],"curies":[{"name":"wp","href":"https:\/\/api.w.org\/{rel}","templated":true}]}}